
{"id":1642,"date":"2022-12-19T16:28:19","date_gmt":"2022-12-19T16:28:19","guid":{"rendered":"https:\/\/risingwp.pannonhosting.hu\/?page_id=1642"},"modified":"2023-05-18T09:39:28","modified_gmt":"2023-05-18T09:39:28","slug":"apply-position","status":"publish","type":"page","link":"https:\/\/rising.eco\/hu\/apply-position\/","title":{"rendered":"Apply Position"},"content":{"rendered":"<style>.kb-row-layout-wrap.wp-block-kadence-rowlayout.kb-row-layout-id_af7a93-f8{margin-top:12vh;margin-bottom:20vh;}.kb-row-layout-id_af7a93-f8 > .kt-row-column-wrap{align-content:start;}:where(.kb-row-layout-id_af7a93-f8 > .kt-row-column-wrap) > .wp-block-kadence-column{justify-content:start;}.kb-row-layout-id_af7a93-f8 > .kt-row-column-wrap{column-gap:var(--global-kb-gap-md, 2rem);row-gap:var(--global-kb-gap-md, 2rem);max-width:var( --global-content-width, 1120px );padding-left:var(--global-content-edge-padding);padding-right:var(--global-content-edge-padding);padding-top:4rem;padding-right:4rem;padding-bottom:4rem;padding-left:4rem;grid-template-columns:repeat(2, minmax(0, 1fr));}.kb-row-layout-id_af7a93-f8{border-top-left-radius:16px;border-top-right-radius:16px;border-bottom-right-radius:16px;border-bottom-left-radius:16px;overflow:hidden;isolation:isolate;border-top:2px solid var(--global-palette8, #F7FAFC);border-right:2px solid var(--global-palette8, #F7FAFC);border-bottom:2px solid var(--global-palette8, #F7FAFC);border-left:2px solid var(--global-palette8, #F7FAFC);}.kb-row-layout-id_af7a93-f8{background-image:url('https:\/\/rising.eco\/media\/2023\/01\/bglogo.webp');background-size:auto;background-position:50% 80%;background-attachment:scroll;background-repeat:no-repeat;}.kb-row-layout-id_af7a93-f8 > .kt-row-layout-overlay{opacity:1;background-image:url('https:\/\/risingwp.pannonhosting.hu\/media\/2022\/12\/bg-logo-rising.eco_.png');background-size:cover;background-position:50% 80%;background-attachment:scroll;background-repeat:no-repeat;}@media all and (max-width: 1024px){.kb-row-layout-id_af7a93-f8 > .kt-row-column-wrap{grid-template-columns:repeat(2, minmax(0, 1fr));}}@media all and (max-width: 1024px){.kb-row-layout-id_af7a93-f8{border-top:2px solid var(--global-palette8, #F7FAFC);border-right:2px solid var(--global-palette8, #F7FAFC);border-bottom:2px solid var(--global-palette8, #F7FAFC);border-left:2px solid var(--global-palette8, #F7FAFC);}}@media all and (max-width: 767px){.kb-row-layout-id_af7a93-f8 > .kt-row-column-wrap{padding-right:2rem;padding-left:2rem;grid-template-columns:minmax(0, 1fr);}.kb-row-layout-id_af7a93-f8{border-top:2px solid var(--global-palette8, #F7FAFC);border-right:2px solid var(--global-palette8, #F7FAFC);border-bottom:2px solid var(--global-palette8, #F7FAFC);border-left:2px solid var(--global-palette8, #F7FAFC);}}<\/style><div class=\"kb-row-layout-wrap kb-row-layout-id_af7a93-f8 alignnone has-theme-palette9-background-color kt-row-has-bg wp-block-kadence-rowlayout\"><div class=\"kt-row-layout-overlay kt-row-overlay-normal\"><\/div><div class=\"kt-row-column-wrap kt-has-2-columns kt-row-layout-equal kt-tab-layout-inherit kt-mobile-layout-row kt-row-valign-top kb-theme-content-width\">\n<style>.kadence-column_39346e-d3 > .kt-inside-inner-col,.kadence-column_39346e-d3 > .kt-inside-inner-col:before{border-top-left-radius:0px;border-top-right-radius:0px;border-bottom-right-radius:0px;border-bottom-left-radius:0px;}.kadence-column_39346e-d3 > .kt-inside-inner-col:before{opacity:0.3;}.kadence-column_39346e-d3{position:relative;}<\/style>\n<div class=\"wp-block-kadence-column kadence-column_39346e-d3 inner-column-1\"><div class=\"kt-inside-inner-col\">\n<h1 class=\"wp-block-heading\">Jelenkez\u00e9s nyitott poz\u00edci\u00f3ra.<\/h1>\n<\/div><\/div>\n\n\n<style>.kadence-column_bd9669-ae > .kt-inside-inner-col,.kadence-column_bd9669-ae > .kt-inside-inner-col:before{border-top-left-radius:0px;border-top-right-radius:0px;border-bottom-right-radius:0px;border-bottom-left-radius:0px;}.kadence-column_bd9669-ae > .kt-inside-inner-col:before{opacity:0.3;}.kadence-column_bd9669-ae{position:relative;}<\/style>\n<div class=\"wp-block-kadence-column kadence-column_bd9669-ae inner-column-2\"><div class=\"kt-inside-inner-col\"><script type=\"text\/javascript\">var gform;gform||(document.addEventListener(\"gform_main_scripts_loaded\",function(){gform.scriptsLoaded=!0}),window.addEventListener(\"DOMContentLoaded\",function(){gform.domLoaded=!0}),gform={domLoaded:!1,scriptsLoaded:!1,initializeOnLoaded:function(o){gform.domLoaded&&gform.scriptsLoaded?o():!gform.domLoaded&&gform.scriptsLoaded?window.addEventListener(\"DOMContentLoaded\",o):document.addEventListener(\"gform_main_scripts_loaded\",o)},hooks:{action:{},filter:{}},addAction:function(o,n,r,t){gform.addHook(\"action\",o,n,r,t)},addFilter:function(o,n,r,t){gform.addHook(\"filter\",o,n,r,t)},doAction:function(o){gform.doHook(\"action\",o,arguments)},applyFilters:function(o){return gform.doHook(\"filter\",o,arguments)},removeAction:function(o,n){gform.removeHook(\"action\",o,n)},removeFilter:function(o,n,r){gform.removeHook(\"filter\",o,n,r)},addHook:function(o,n,r,t,i){null==gform.hooks[o][n]&&(gform.hooks[o][n]=[]);var e=gform.hooks[o][n];null==i&&(i=n+\"_\"+e.length),gform.hooks[o][n].push({tag:i,callable:r,priority:t=null==t?10:t})},doHook:function(n,o,r){var t;if(r=Array.prototype.slice.call(r,1),null!=gform.hooks[n][o]&&((o=gform.hooks[n][o]).sort(function(o,n){return o.priority-n.priority}),o.forEach(function(o){\"function\"!=typeof(t=o.callable)&&(t=window[t]),\"action\"==n?t.apply(null,r):r[0]=t.apply(null,r)})),\"filter\"==n)return r[0]},removeHook:function(o,n,t,i){var r;null!=gform.hooks[o][n]&&(r=(r=gform.hooks[o][n]).filter(function(o,n,r){return!!(null!=i&&i!=o.tag||null!=t&&t!=o.priority)}),gform.hooks[o][n]=r)}});<\/script>\n                <div class='gf_browser_gecko gform_wrapper gravity-theme gform-theme--no-framework' data-form-theme='gravity-theme' data-form-index='0' id='gform_wrapper_2' >\n                        <div class='gform_heading'>\n\t\t\t\t\t\t\t<p class='gform_required_legend'>&quot;<span class=\"gfield_required gfield_required_asterisk\">*<\/span>&quot; a k\u00f6telez\u0151 mez\u0151ket jel\u00f6li<\/p>\n                        <\/div><form method='post' enctype='multipart\/form-data'  id='gform_2'  action='\/hu\/wp-json\/wp\/v2\/pages\/1642' data-formid='2' novalidate data-trp-original-action=\"\/hu\/wp-json\/wp\/v2\/pages\/1642\"><div class='gf_invisible ginput_recaptchav3' data-sitekey='6LdESRwmAAAAABIz0SGX0OWPk8oSdVWZrv27GT7h' data-tabindex='0'><input id=\"input_3340c8db712e9b7a8f6541e967fab25b\" class=\"gfield_recaptcha_response\" type=\"hidden\" name=\"input_3340c8db712e9b7a8f6541e967fab25b\" value=\"\"\/><\/div>\n                        <div class='gform-body gform_body'><div id='gform_fields_2' class='gform_fields top_label form_sublabel_below description_below'><div id=\"field_2_6\"  class=\"gfield gfield--type-select gfield--width-full gfield_contains_required field_sublabel_below gfield--no-description field_description_below gfield_visibility_visible\"  data-js-reload=\"field_2_6\"><label class='gfield_label gform-field-label' for='input_2_6' >Select position<span class=\"gfield_required\"><span class=\"gfield_required gfield_required_asterisk\">*<\/span><\/span><\/label><div class='ginput_container ginput_container_select'><select name='input_6' id='input_2_6' class='large gfield_select'    aria-required=\"true\" aria-invalid=\"false\" ><option value='position_fs-js-dev_fulltime' >Full Stack JS Developer \/ Full-time<\/option><\/select><\/div><\/div><fieldset id=\"field_2_1\"  class=\"gfield gfield--type-name gfield_contains_required field_sublabel_hidden_label gfield--no-description field_description_below gfield_visibility_visible\"  data-js-reload=\"field_2_1\"><legend class='gfield_label gform-field-label gfield_label_before_complex'  >Teljes n\u00e9v<span class=\"gfield_required\"><span class=\"gfield_required gfield_required_asterisk\">*<\/span><\/span><\/legend><div class='ginput_complex ginput_container ginput_container--name no_prefix has_first_name no_middle_name has_last_name no_suffix gf_name_has_2 ginput_container_name gform-grid-row' id='input_2_1'>\n                            \n                            <span id='input_2_1_3_container' class='name_first gform-grid-col gform-grid-col--size-auto' >\n                                                    <input type='text' name='input_1.3' id='input_2_1_3' value=''   aria-required='true'   placeholder='Vezet\u00e9kn\u00e9v'  \/>\n                                                    <label for='input_2_1_3' class='gform-field-label gform-field-label--type-sub hidden_sub_label screen-reader-text'>Vezet\u00e9kn\u00e9v<\/label>\n                                                <\/span>\n                            \n                            <span id='input_2_1_6_container' class='name_last gform-grid-col gform-grid-col--size-auto' >\n                                                    <input type='text' name='input_1.6' id='input_2_1_6' value=''   aria-required='true'   placeholder='Keresztn\u00e9v'  \/>\n                                                    <label for='input_2_1_6' class='gform-field-label gform-field-label--type-sub hidden_sub_label screen-reader-text'>Keresztn\u00e9v<\/label>\n                                                <\/span>\n                            \n                        <\/div><\/fieldset><div id=\"field_2_3\"  class=\"gfield gfield--type-email gfield--width-full gfield_contains_required field_sublabel_below gfield--no-description field_description_below gfield_visibility_visible\"  data-js-reload=\"field_2_3\"><label class='gfield_label gform-field-label' for='input_2_3' >Email<span class=\"gfield_required\"><span class=\"gfield_required gfield_required_asterisk\">*<\/span><\/span><\/label><div class='ginput_container ginput_container_email'>\n                            <input name='input_3' id='input_2_3' type='email' value='' class='large'   placeholder='emailcimed@gmail.com' aria-required=\"true\" aria-invalid=\"false\"  \/>\n                        <\/div><\/div><div id=\"field_2_9\"  class=\"gfield gfield--type-phone gfield--width-full field_sublabel_below gfield--no-description field_description_below gfield_visibility_visible\"  data-js-reload=\"field_2_9\"><label class='gfield_label gform-field-label' for='input_2_9' >Telefonsz\u00e1m<\/label><div class='ginput_container ginput_container_phone'><input name='input_9' id='input_2_9' type='tel' value='' class='large'  placeholder='+36-30\/122-4224'  aria-invalid=\"false\"   \/><\/div><\/div><div id=\"field_2_7\"  class=\"gfield gfield--type-text gfield--width-full gfield_contains_required field_sublabel_below gfield--no-description field_description_below gfield_visibility_visible\"  data-js-reload=\"field_2_7\"><label class='gfield_label gform-field-label' for='input_2_7' >Link az \u00f6n\u00e9letrajzodhoz \u00e9s\/vagy portf\u00f3li\u00f3dhoz.<span class=\"gfield_required\"><span class=\"gfield_required gfield_required_asterisk\">*<\/span><\/span><\/label><div class='ginput_container ginput_container_text'><input name='input_7' id='input_2_7' type='text' value='' class='large'    placeholder='Linkedin \u2022 Github \u2022 Website \u2022 CV link' aria-required=\"true\" aria-invalid=\"false\"   \/> <\/div><\/div><div id=\"field_2_10\"  class=\"gfield gfield--type-select gfield--width-full gfield_contains_required field_sublabel_below gfield--no-description field_description_below gfield_visibility_visible\"  data-js-reload=\"field_2_10\"><label class='gfield_label gform-field-label' for='input_2_10' >Orsz\u00e1g<span class=\"gfield_required\"><span class=\"gfield_required gfield_required_asterisk\">*<\/span><\/span><\/label><div class='ginput_container ginput_container_select'><select name='input_10' id='input_2_10' class='large gfield_select'    aria-required=\"true\" aria-invalid=\"false\" ><option value='Hungary' selected='selected'>Magyarorsz\u00e1g<\/option><option value='Austria' >Ausztria<\/option><option value='Germany' >N\u00e9metorsz\u00e1g<\/option><option value='France' >Franciaorsz\u00e1g<\/option><option value='Spain' >Spanyolorsz\u00e1g<\/option><option value='Portugal' >Portug\u00e1lia<\/option><option value='United Kingdom' >Egyes\u00fclt Kir\u00e1lys\u00e1g<\/option><option value='USA' >USA<\/option><option value='Other' >Egy\u00e9b<\/option><\/select><\/div><\/div><fieldset id=\"field_2_8\"  class=\"gfield gfield--type-checkbox gfield--type-choice gfield--width-full gfield_contains_required field_sublabel_below gfield--no-description field_description_below gfield_visibility_visible\"  data-js-reload=\"field_2_8\"><legend class='gfield_label gform-field-label gfield_label_before_complex'  >Adatkezel\u00e9s<span class=\"gfield_required\"><span class=\"gfield_required gfield_required_asterisk\">*<\/span><\/span><\/legend><div class='ginput_container ginput_container_checkbox'><div class='gfield_checkbox' id='input_2_8'><div class='gchoice gchoice_2_8_1'>\n\t\t\t\t\t\t\t\t<input class='gfield-choice-input' name='input_8.1' type='checkbox'  value='I agree with the &lt;a href=&quot;\/\/risingwp.pannonhosting.hu\/privacy-policy\u201d&quot; target=&quot;\u201d_blank\u201d&quot;&gt;Privacy Policy&lt;\/a&gt;'  id='choice_2_8_1'   \/>\n\t\t\t\t\t\t\t\t<label for='choice_2_8_1' id='label_2_8_1' class='gform-field-label gform-field-label--type-inline'>Elfogadom az <a href=\"\/hu\/\u201dhttps:\/\/risingwp.pannonhosting.hu\/privacy-policy\u201d\/\" target=\"\u201d_blank\u201d\">Adatkezel\u00e9st<\/a><\/label>\n\t\t\t\t\t\t\t<\/div><\/div><\/div><\/fieldset><div id=\"field_2_11\"  class=\"gfield gfield--type-captcha gfield--width-full field_sublabel_below gfield--no-description field_description_below hidden_label gfield_visibility_visible\"  data-js-reload=\"field_2_11\"><label class='gfield_label gform-field-label' for='input_2_11' >CAPTCHA<\/label><div id='input_2_11' class='ginput_container ginput_recaptcha' data-sitekey='6LeTzuwjAAAAAG90maLtRD16jZBfsmpcO8g0WEfH'  data-theme='light' data-tabindex='0'  data-badge=''><\/div><\/div><\/div><\/div>\n        <div class='gform_footer top_label'> <input type='submit' id='gform_submit_button_2' class='gform_button button' value='Bek\u00fcld\u00f6m!'  onclick='if(window[\"gf_submitting_2\"]){return false;}  if( !jQuery(\"#gform_2\")[0].checkValidity || jQuery(\"#gform_2\")[0].checkValidity()){window[\"gf_submitting_2\"]=true;}  ' onkeypress='if( event.keyCode == 13 ){ if(window[\"gf_submitting_2\"]){return false;} if( !jQuery(\"#gform_2\")[0].checkValidity || jQuery(\"#gform_2\")[0].checkValidity()){window[\"gf_submitting_2\"]=true;}  jQuery(\"#gform_2\").trigger(\"submit\",[true]); }' \/> \n            <input type='hidden' class='gform_hidden' name='is_submit_2' value='1' \/>\n            <input type='hidden' class='gform_hidden' name='gform_submit' value='2' \/>\n            \n            <input type='hidden' class='gform_hidden' name='gform_unique_id' value='' \/>\n            <input type='hidden' class='gform_hidden' name='state_2' value='WyJ7XCIxMFwiOltcImRjNTM0MTMxY2JjNjE2MWRhYWJhMWI1M2YxN2Q1MDlhXCIsXCJhNjJhMDcxM2EyM2U3MTQwYTRkZGYwZWZjMDRlY2MwMFwiLFwiNDUxYzIyYjliOTdkZWY3NDBiM2VlMDVjMDQ1MjRjNmFcIixcImUxYTAyNDBhMDgwNTNjMzQ1ZTkyMThmN2RiYzQzNWU1XCIsXCJjMTE1NGZmN2MxZDQzZDQzN2E0ZjFhNDA5MDZjNDY0MVwiLFwiMGZhNDZkMGIwMmQxNWJjYzU2MjYwYjgzMTU5ZWU2YzhcIixcImU4YTIxMWNlMjA0YjU3YzVkY2MwMWJkMDJjYzllNDZlXCIsXCJmMGUzYzE5NmZiMGYxOWJhNzg2MTM5YzI0OGE5ODNlYVwiLFwiOGY2MDA2Yzc5ODU2ZTVmZDA1MzIzNzU0ZDljMDgxNThcIl19IiwiMmQ4OTc2N2VkYWFjOTAxNTg0YWVjMWQ4ZmQ5YTViMTkiXQ==' \/>\n            <input type='hidden' class='gform_hidden' name='gform_target_page_number_2' id='gform_target_page_number_2' value='0' \/>\n            <input type='hidden' class='gform_hidden' name='gform_source_page_number_2' id='gform_source_page_number_2' value='1' \/>\n            <input type='hidden' name='gform_field_values' value='' \/>\n            \n        <\/div>\n                        <input type=\"hidden\" name=\"trp-form-language\" value=\"hu\"\/><\/form>\n                        <\/div><script>\ngform.initializeOnLoaded( function() {gformInitSpinner( 2, 'https:\/\/rising.eco\/wp-content\/plugins\/gravityforms\/images\/spinner.svg', true );jQuery('#gform_ajax_frame_2').on('load',function(){var contents = jQuery(this).contents().find('*').html();var is_postback = contents.indexOf('GF_AJAX_POSTBACK') >= 0;if(!is_postback){return;}var form_content = jQuery(this).contents().find('#gform_wrapper_2');var is_confirmation = jQuery(this).contents().find('#gform_confirmation_wrapper_2').length > 0;var is_redirect = contents.indexOf('gformRedirect(){') >= 0;var is_form = form_content.length > 0 && ! is_redirect && ! is_confirmation;var mt = parseInt(jQuery('html').css('margin-top'), 10) + parseInt(jQuery('body').css('margin-top'), 10) + 100;if(is_form){jQuery('#gform_wrapper_2').html(form_content.html());if(form_content.hasClass('gform_validation_error')){jQuery('#gform_wrapper_2').addClass('gform_validation_error');} else {jQuery('#gform_wrapper_2').removeClass('gform_validation_error');}setTimeout( function() { \/* delay the scroll by 50 milliseconds to fix a bug in chrome *\/  }, 50 );if(window['gformInitDatepicker']) {gformInitDatepicker();}if(window['gformInitPriceFields']) {gformInitPriceFields();}var current_page = jQuery('#gform_source_page_number_2').val();gformInitSpinner( 2, 'https:\/\/rising.eco\/wp-content\/plugins\/gravityforms\/images\/spinner.svg', true );jQuery(document).trigger('gform_page_loaded', [2, current_page]);window['gf_submitting_2'] = false;}else if(!is_redirect){var confirmation_content = jQuery(this).contents().find('.GF_AJAX_POSTBACK').html();if(!confirmation_content){confirmation_content = contents;}setTimeout(function(){jQuery('#gform_wrapper_2').replaceWith(confirmation_content);jQuery(document).trigger('gform_confirmation_loaded', [2]);window['gf_submitting_2'] = false;wp.a11y.speak(jQuery('#gform_confirmation_message_2').text());}, 50);}else{jQuery('#gform_2').append(contents);if(window['gformRedirect']) {gformRedirect();}}jQuery(document).trigger('gform_post_render', [2, current_page]);} );} );\n<\/script>\n<\/div><\/div>\n\n<\/div><\/div>","protected":false},"excerpt":{"rendered":"<p>Jelenkez\u00e9s nyitott poz\u00edci\u00f3ra.<\/p>","protected":false},"author":2,"featured_media":0,"parent":0,"menu_order":0,"comment_status":"closed","ping_status":"closed","template":"","meta":{"_kad_blocks_custom_css":"","_kad_blocks_head_custom_js":"","_kad_blocks_body_custom_js":"","_kad_blocks_footer_custom_js":"","_kad_post_transparent":"","_kad_post_title":"","_kad_post_layout":"","_kad_post_sidebar_id":"","_kad_post_content_style":"","_kad_post_vertical_padding":"","_kad_post_feature":"","_kad_post_feature_position":"","_kad_post_header":false,"_kad_post_footer":false,"footnotes":""},"class_list":["post-1642","page","type-page","status-publish","hentry"],"featured_image_src_large":false,"author_info":{"display_name":"Kopp\u00e1ny","author_link":"https:\/\/rising.eco\/hu\/author\/koppany\/"},"comment_info":0,"taxonomy_info":[],"_links":{"self":[{"href":"https:\/\/rising.eco\/hu\/wp-json\/wp\/v2\/pages\/1642","targetHints":{"allow":["GET"]}}],"collection":[{"href":"https:\/\/rising.eco\/hu\/wp-json\/wp\/v2\/pages"}],"about":[{"href":"https:\/\/rising.eco\/hu\/wp-json\/wp\/v2\/types\/page"}],"author":[{"embeddable":true,"href":"https:\/\/rising.eco\/hu\/wp-json\/wp\/v2\/users\/2"}],"replies":[{"embeddable":true,"href":"https:\/\/rising.eco\/hu\/wp-json\/wp\/v2\/comments?post=1642"}],"version-history":[{"count":18,"href":"https:\/\/rising.eco\/hu\/wp-json\/wp\/v2\/pages\/1642\/revisions"}],"predecessor-version":[{"id":4938,"href":"https:\/\/rising.eco\/hu\/wp-json\/wp\/v2\/pages\/1642\/revisions\/4938"}],"wp:attachment":[{"href":"https:\/\/rising.eco\/hu\/wp-json\/wp\/v2\/media?parent=1642"}],"curies":[{"name":"wp","href":"https:\/\/api.w.org\/{rel}","templated":true}]}}