
{"id":1717,"date":"2022-12-19T18:59:56","date_gmt":"2022-12-19T18:59:56","guid":{"rendered":"https:\/\/risingwp.pannonhosting.hu\/?page_id=1717"},"modified":"2023-04-06T09:19:50","modified_gmt":"2023-04-06T09:19:50","slug":"login","status":"publish","type":"page","link":"https:\/\/rising.eco\/hu\/bejelentkezes\/","title":{"rendered":"Bejelentkez\u00e9s"},"content":{"rendered":"<style>.kadence-column_a0c4f3-3c > .kt-inside-inner-col{min-height:64px;border-top-width:0px;border-right-width:0px;border-bottom-width:0px;border-left-width:0px;}.kadence-column_a0c4f3-3c > .kt-inside-inner-col,.kadence-column_a0c4f3-3c > .kt-inside-inner-col:before{border-top-left-radius:0px;border-top-right-radius:0px;border-bottom-right-radius:0px;border-bottom-left-radius:0px;}.kadence-column_a0c4f3-3c > .kt-inside-inner-col{display:flex;flex-direction:row;flex-wrap:wrap;align-items:center;justify-content:center;gap:10px;}.kadence-column_a0c4f3-3c > .kt-inside-inner-col > *, .kadence-column_a0c4f3-3c > .kt-inside-inner-col > figure.wp-block-image, .kadence-column_a0c4f3-3c > .kt-inside-inner-col > figure.wp-block-kadence-image{margin-top:0px;margin-bottom:0px;}.kadence-column_a0c4f3-3c > .kt-inside-inner-col:before{opacity:0.3;}.kadence-column_a0c4f3-3c{position:relative;}@media all and (max-width: 1024px){.kadence-column_a0c4f3-3c > .kt-inside-inner-col{gap:10px;}}@media all and (min-width: 768px) and (max-width: 1024px){.kadence-column_a0c4f3-3c > .kt-inside-inner-col > *, .kadence-column_a0c4f3-3c > .kt-inside-inner-col > figure.wp-block-image, .kadence-column_a0c4f3-3c > .kt-inside-inner-col > figure.wp-block-kadence-image{margin-top:0px;margin-bottom:0px;}}@media all and (max-width: 767px){.kadence-column_a0c4f3-3c > .kt-inside-inner-col{gap:10px;}.kadence-column_a0c4f3-3c > .kt-inside-inner-col > *, .kadence-column_a0c4f3-3c > .kt-inside-inner-col > figure.wp-block-image, .kadence-column_a0c4f3-3c > .kt-inside-inner-col > figure.wp-block-kadence-image{margin-top:0px;margin-bottom:0px;}}<\/style>\n<div class=\"wp-block-kadence-column inner-column-1 kadence-column_a0c4f3-3c kb-section-dir-horizontal\"><div class=\"kt-inside-inner-col\"><div class=\"is-style-default wp-block-site-logo\"><a href=\"https:\/\/rising.eco\/hu\/\" class=\"custom-logo-link\" rel=\"home\"><img decoding=\"async\" src=\"https:\/\/rising.eco\/media\/2022\/12\/logo-rising.eco_.svg\" class=\"custom-logo\" alt=\"rising.eco\" \/><\/a><\/div><\/div><\/div>\n\n\n<style>#kt-layout-id_e6bbb3-a7{margin-top:2rem;margin-bottom:8rem;}#kt-layout-id_e6bbb3-a7 > .kt-row-column-wrap{align-content:start;}:where(#kt-layout-id_e6bbb3-a7 > .kt-row-column-wrap) > .wp-block-kadence-column{justify-content:start;}#kt-layout-id_e6bbb3-a7 > .kt-row-column-wrap{column-gap:80px;row-gap:var(--global-kb-gap-md, 2rem);max-width:var( --global-content-width, 1120px );padding-left:var(--global-content-edge-padding);padding-right:var(--global-content-edge-padding);padding-top:25px;padding-bottom:25px;padding-top:4rem;padding-bottom:4rem;padding-left:4rem;padding-right:4rem;grid-template-columns:repeat(2, minmax(0, 1fr));}#kt-layout-id_e6bbb3-a7{border-top-left-radius:16px;border-top-right-radius:16px;border-bottom-right-radius:16px;border-bottom-left-radius:16px;overflow:hidden;isolation:isolate;border-color:var(--global-palette9, #ffffff);border-top-width:2px;border-right-width:2px;border-bottom-width:2px;border-left-width:2px;}#kt-layout-id_e6bbb3-a7 > .kt-row-layout-overlay{opacity:1;background-image:url('https:\/\/risingwp.pannonhosting.hu\/media\/2023\/01\/bglogo.webp');background-size:auto;background-position:50% 75%;background-attachment:scroll;background-repeat:no-repeat;}@media all and (max-width: 1024px){#kt-layout-id_e6bbb3-a7 > .kt-row-column-wrap{grid-template-columns:repeat(2, minmax(0, 1fr));}}@media all and (max-width: 767px){#kt-layout-id_e6bbb3-a7 > .kt-row-column-wrap{padding-top:2rem;padding-bottom:2rem;padding-left:2rem;padding-right:2rem;grid-template-columns:minmax(0, 1fr);}}#kt-layout-id_e6bbb3-a7 {box-shadow: 0px 16px 58px 1px rgba(186, 210, 222, 1);}<\/style>\n<div class=\"wp-block-kadence-rowlayout alignnone\"><div id=\"kt-layout-id_e6bbb3-a7\" class=\"kt-row-layout-inner kt-row-has-bg kt-layout-id_e6bbb3-a7 has-theme-palette-9-background-color\"><div class=\"kt-row-layout-overlay kt-row-overlay-normal\"><\/div><div class=\"kt-row-column-wrap kt-has-2-columns kt-gutter-widest kt-v-gutter-default kt-row-valign-top kt-row-layout-equal kt-tab-layout-inherit kt-m-colapse-left-to-right kt-mobile-layout-row kb-theme-content-width\"><style>.kadence-column_39346e-d3 > .kt-inside-inner-col{border-top-width:0px;border-right-width:0px;border-bottom-width:0px;border-left-width:0px;}.kadence-column_39346e-d3 > .kt-inside-inner-col,.kadence-column_39346e-d3 > .kt-inside-inner-col:before{border-top-left-radius:0px;border-top-right-radius:0px;border-bottom-right-radius:0px;border-bottom-left-radius:0px;}.kadence-column_39346e-d3 > .kt-inside-inner-col:before{opacity:0.3;}.kadence-column_39346e-d3{position:relative;}<\/style>\n<div class=\"wp-block-kadence-column inner-column-1 kadence-column_39346e-d3\"><div class=\"kt-inside-inner-col\">\n<h1 class=\"wp-block-heading\">Bejelentkez\u00e9s.<\/h1>\n<\/div><\/div>\n\n\n<style>.kadence-column_bd9669-ae > .kt-inside-inner-col{border-top-width:0px;border-right-width:0px;border-bottom-width:0px;border-left-width:0px;}.kadence-column_bd9669-ae > .kt-inside-inner-col,.kadence-column_bd9669-ae > .kt-inside-inner-col:before{border-top-left-radius:0px;border-top-right-radius:0px;border-bottom-right-radius:0px;border-bottom-left-radius:0px;}.kadence-column_bd9669-ae > .kt-inside-inner-col:before{opacity:0.3;}.kadence-column_bd9669-ae{position:relative;}<\/style>\n<div class=\"wp-block-kadence-column inner-column-2 kadence-column_bd9669-ae\"><div class=\"kt-inside-inner-col\"><div class='gf_browser_gecko gform_wrapper gf_login_form gravity-theme' id='gform_wrapper_0'><form method='post' id='gform_0' action=\"\"><input type='hidden' name='login_redirect' value='https:\/\/rising.eco\/dashboard\/' \/><div class='gform_body'><div id='gform_fields_login' class='gform_fields top_label'><div id=\"field_0_1\"  class=\"gfield gfield--type-text gfield_contains_required field_sublabel_below gfield--no-description field_description_below gfield_visibility_visible\"  data-js-reload=\"field_0_1\"><label class='gfield_label gform-field-label' for='input_1' >Felhaszn\u00e1l\u00f3n\u00e9v<span class=\"gfield_required\"><span class=\"gfield_required gfield_required_text\">(K\u00f6telez\u0151)<\/span><\/span><\/label><div class='ginput_container ginput_container_text'><input name='input_1' id='input_1' type='text' value='' class=''     aria-required=\"true\" aria-invalid=\"false\"   \/> <\/div><\/div><div id=\"field_0_2\"  class=\"gfield gfield--type-text gfield_contains_required field_sublabel_below gfield--no-description field_description_below gfield_visibility_visible\"  data-js-reload=\"field_0_2\"><label class='gfield_label gform-field-label' for='input_2' >Jelsz\u00f3<span class=\"gfield_required\"><span class=\"gfield_required gfield_required_text\">(K\u00f6telez\u0151)<\/span><\/span><\/label><div class='ginput_container ginput_container_text'><input name='input_2' id='input_2' type='password' value='' class=''     aria-required=\"true\" aria-invalid=\"false\"   \/> <\/div><\/div><div id=\"field_0_3\"  class=\"gfield gfield--type-remember_me field_sublabel_below gfield--no-description field_description_below hidden_label gfield_visibility_visible\"  data-js-reload=\"field_0_3\"><label class='gfield_label gform-field-label screen-reader-text gfield_label_before_complex'  ><\/label><div class='ginput_container ginput_container_checkbox'><div class='gfield_checkbox' id='input_3'><div class='gchoice gchoice_3'>\n\t\t\t\t\t\t<input class='gfield-choice-input' name='input_3.1' type='checkbox'  value='1'  id='choice_3'   \/>\n\t\t\t\t\t\t<label for='choice_3' id='label_3'>Remember Me<\/label>\n\t\t\t\t\t<\/div><\/div><\/div><\/div><\/div><\/div>\n        <div class='gform_footer top_label'> <input type='submit' id='gform_submit_button_0' class='gform_button button' value='Bejelentkez\u00e9s'  onclick='if(window[\"gf_submitting_0\"]){return false;}  if( !jQuery(\"#gform_0\")[0].checkValidity || jQuery(\"#gform_0\")[0].checkValidity()){window[\"gf_submitting_0\"]=true;}  ' onkeypress='if( event.keyCode == 13 ){ if(window[\"gf_submitting_0\"]){return false;} if( !jQuery(\"#gform_0\")[0].checkValidity || jQuery(\"#gform_0\")[0].checkValidity()){window[\"gf_submitting_0\"]=true;}  jQuery(\"#gform_0\").trigger(\"submit\",[true]); }' \/> \n            <input type='hidden' class='gform_hidden' name='is_submit_0' value='1' \/>\n            <input type='hidden' class='gform_hidden' name='gform_submit' value='0' \/>\n            \n            <input type='hidden' class='gform_hidden' name='gform_unique_id' value='69debc2077ccd' \/>\n            <input type='hidden' class='gform_hidden' name='state_0' value='WyJbXSIsIjY3YzM0OTA0ODhiMDRhMjBjYzdiYzE0MDMwNmYzNTQ1Il0=' \/>\n            <input type='hidden' class='gform_hidden' name='gform_target_page_number_0' id='gform_target_page_number_0' value='0' \/>\n            <input type='hidden' class='gform_hidden' name='gform_source_page_number_0' id='gform_source_page_number_0' value='1' \/>\n            <input type='hidden' name='gform_field_values' value='' \/>\n            \n        <\/div><input type=\"hidden\" name=\"trp-form-language\" value=\"hu\"\/><\/form><\/div>\n\n\n\n\n<style>#kt-layout-id_033904-0a > .kt-row-column-wrap{align-content:start;}:where(#kt-layout-id_033904-0a > .kt-row-column-wrap) > .wp-block-kadence-column{justify-content:start;}#kt-layout-id_033904-0a > .kt-row-column-wrap{column-gap:var(--global-kb-gap-md, 2rem);row-gap:var(--global-kb-gap-md, 2rem);padding-top:25px;padding-bottom:25px;padding-top:0px;padding-bottom:0px;grid-template-columns:minmax(0, 1fr);}#kt-layout-id_033904-0a > .kt-row-layout-overlay{opacity:0.30;}@media all and (max-width: 1024px){#kt-layout-id_033904-0a > .kt-row-column-wrap{grid-template-columns:minmax(0, 1fr);}}@media all and (max-width: 767px){#kt-layout-id_033904-0a > .kt-row-column-wrap{grid-template-columns:minmax(0, 1fr);}}<\/style>\n<div class=\"wp-block-kadence-rowlayout alignnone\"><div id=\"kt-layout-id_033904-0a\" class=\"kt-row-layout-inner kt-layout-id_033904-0a\"><div class=\"kt-row-column-wrap kt-has-1-columns kt-gutter-default kt-v-gutter-default kt-row-valign-top kt-row-layout-equal kt-tab-layout-inherit kt-m-colapse-left-to-right kt-mobile-layout-row\"><style>.kadence-column_7e842b-27 > .kt-inside-inner-col{border-top-width:0px;border-right-width:0px;border-bottom-width:0px;border-left-width:0px;}.kadence-column_7e842b-27 > .kt-inside-inner-col,.kadence-column_7e842b-27 > .kt-inside-inner-col:before{border-top-left-radius:0px;border-top-right-radius:0px;border-bottom-right-radius:0px;border-bottom-left-radius:0px;}.kadence-column_7e842b-27 > .kt-inside-inner-col:before{opacity:0.3;}.kadence-column_7e842b-27{position:relative;}<\/style>\n<div class=\"wp-block-kadence-column inner-column-1 kadence-column_7e842b-27\"><div class=\"kt-inside-inner-col\"><style>.wp-block-kadence-spacer.kt-block-spacer-_b60b44-bd .kt-block-spacer{height:16px;}.wp-block-kadence-spacer.kt-block-spacer-_b60b44-bd .kt-divider{border-top-width:1px;height:1px;border-top-color:var(--global-palette7, #EDF2F7);width:100%;border-top-style:solid;}<\/style>\n<div class=\"wp-block-kadence-spacer aligncenter kt-block-spacer-_b60b44-bd\"><div class=\"kt-block-spacer kt-block-spacer-halign-center\"><hr class=\"kt-divider\"\/><\/div><\/div>\n\n\n<div class=\"nsl-container nsl-container-block\" data-align=\"left\"><div class=\"nsl-container-buttons\"><a href=\"https:\/\/rising.eco\/wp-login.php?loginSocial=facebook&#038;redirect=https%3A%2F%2Frising.eco%2Fhu%2Fwp-json%2Fwp%2Fv2%2Fpages%2F1717\" rel=\"nofollow\" aria-label=\"Continue with &lt;b&gt;Facebook&lt;\/b&gt;\" data-plugin=\"nsl\" data-action=\"connect\" data-provider=\"facebook\" data-popupwidth=\"600\" data-popupheight=\"679\"><div class=\"nsl-button nsl-button-default nsl-button-facebook\" data-skin=\"dark\" style=\"background-color:#1877F2;\"><div class=\"nsl-button-svg-container\"><svg xmlns=\"http:\/\/www.w3.org\/2000\/svg\" viewbox=\"0 0 1365.3 1365.3\" height=\"24\" width=\"24\"><path d=\"M1365.3 682.7A682.7 682.7 0 10576 1357V880H402.7V682.7H576V532.3c0-171.1 102-265.6 257.9-265.6 74.6 0 152.8 13.3 152.8 13.3v168h-86.1c-84.8 0-111.3 52.6-111.3 106.6v128h189.4L948.4 880h-159v477a682.8 682.8 0 00576-674.3\" fill=\"#fff\"\/><\/svg><\/div><div class=\"nsl-button-label-container\">Folytat\u00e1s a <b>Facebook<\/b>-kal<\/div><\/div><\/a><a href=\"https:\/\/rising.eco\/wp-login.php?loginSocial=google&#038;redirect=https%3A%2F%2Frising.eco%2Fhu%2Fwp-json%2Fwp%2Fv2%2Fpages%2F1717\" rel=\"nofollow\" aria-label=\"Continue with &lt;b&gt;Google&lt;\/b&gt;\" data-plugin=\"nsl\" data-action=\"connect\" data-provider=\"google\" data-popupwidth=\"600\" data-popupheight=\"600\"><div class=\"nsl-button nsl-button-default nsl-button-google\" data-skin=\"light\" style=\"background-color:#fff;\"><div class=\"nsl-button-svg-container\"><svg xmlns=\"http:\/\/www.w3.org\/2000\/svg\" width=\"24\" height=\"24\" viewbox=\"0 0 24 24\"><path fill=\"#4285F4\" d=\"M20.64 12.2045c0-.6381-.0573-1.2518-.1636-1.8409H12v3.4814h4.8436c-.2086 1.125-.8427 2.0782-1.7959 2.7164v2.2581h2.9087c1.7018-1.5668 2.6836-3.874 2.6836-6.615z\"><\/path><path fill=\"#34A853\" d=\"M12 21c2.43 0 4.4673-.806 5.9564-2.1805l-2.9087-2.2581c-.8059.54-1.8368.859-3.0477.859-2.344 0-4.3282-1.5831-5.036-3.7104H3.9574v2.3318C5.4382 18.9832 8.4818 21 12 21z\"><\/path><path fill=\"#FBBC05\" d=\"M6.964 13.71c-.18-.54-.2822-1.1168-.2822-1.71s.1023-1.17.2823-1.71V7.9582H3.9573A8.9965 8.9965 0 0 0 3 12c0 1.4523.3477 2.8268.9573 4.0418L6.964 13.71z\"><\/path><path fill=\"#EA4335\" d=\"M12 6.5795c1.3214 0 2.5077.4541 3.4405 1.346l2.5813-2.5814C16.4632 3.8918 14.426 3 12 3 8.4818 3 5.4382 5.0168 3.9573 7.9582L6.964 10.29C7.6718 8.1627 9.6559 6.5795 12 6.5795z\"><\/path><\/svg><\/div><div class=\"nsl-button-label-container\">Folytat\u00e1s a <b>Google<\/b>-lel<\/div><\/div><\/a><\/div><\/div>\n\n\n\n<p class=\"has-small-font-size\" style=\"padding-top:16px\">Nincs m\u00e9g fi\u00f3kod? <a href=\"https:\/\/rising.eco\/hu\/signup\/\" data-type=\"page\" data-id=\"919\">Itt tudsz regisztr\u00e1lni.<\/a><\/p>\n<\/div><\/div>\n<\/div><\/div><\/div>\n<\/div><\/div>\n<\/div><\/div><\/div>","protected":false},"excerpt":{"rendered":"<p>Sign In to your account. Don&#8217;t have an account? Sign Up here<\/p>","protected":false},"author":2,"featured_media":0,"parent":0,"menu_order":0,"comment_status":"closed","ping_status":"closed","template":"","meta":{"_kad_blocks_custom_css":"body .gform_wrapper .gform_body .gform_fields .gfield input[type=text] {\nmin-width: 100% !important;\n}","_kad_blocks_head_custom_js":"","_kad_blocks_body_custom_js":"","_kad_blocks_footer_custom_js":"","_kad_post_transparent":"","_kad_post_title":"","_kad_post_layout":"","_kad_post_sidebar_id":"","_kad_post_content_style":"","_kad_post_vertical_padding":"","_kad_post_feature":"","_kad_post_feature_position":"","_kad_post_header":true,"_kad_post_footer":true,"footnotes":""},"class_list":["post-1717","page","type-page","status-publish","hentry"],"featured_image_src_large":false,"author_info":{"display_name":"Kopp\u00e1ny","author_link":"https:\/\/rising.eco\/hu\/author\/koppany\/"},"comment_info":0,"taxonomy_info":[],"_links":{"self":[{"href":"https:\/\/rising.eco\/hu\/wp-json\/wp\/v2\/pages\/1717","targetHints":{"allow":["GET"]}}],"collection":[{"href":"https:\/\/rising.eco\/hu\/wp-json\/wp\/v2\/pages"}],"about":[{"href":"https:\/\/rising.eco\/hu\/wp-json\/wp\/v2\/types\/page"}],"author":[{"embeddable":true,"href":"https:\/\/rising.eco\/hu\/wp-json\/wp\/v2\/users\/2"}],"replies":[{"embeddable":true,"href":"https:\/\/rising.eco\/hu\/wp-json\/wp\/v2\/comments?post=1717"}],"version-history":[{"count":41,"href":"https:\/\/rising.eco\/hu\/wp-json\/wp\/v2\/pages\/1717\/revisions"}],"predecessor-version":[{"id":4828,"href":"https:\/\/rising.eco\/hu\/wp-json\/wp\/v2\/pages\/1717\/revisions\/4828"}],"wp:attachment":[{"href":"https:\/\/rising.eco\/hu\/wp-json\/wp\/v2\/media?parent=1717"}],"curies":[{"name":"wp","href":"https:\/\/api.w.org\/{rel}","templated":true}]}}