
{"id":23,"date":"2022-12-12T18:16:32","date_gmt":"2022-12-12T18:16:32","guid":{"rendered":"https:\/\/risingwp.pannonhosting.hu\/?page_id=23"},"modified":"2022-12-19T10:20:16","modified_gmt":"2022-12-19T10:20:16","slug":"impressum","status":"publish","type":"page","link":"https:\/\/rising.eco\/hu\/impressum\/","title":{"rendered":"Impresszum"},"content":{"rendered":"<style>#kt-layout-id_2000b5-85 > .kt-row-column-wrap{align-content:start;}:where(#kt-layout-id_2000b5-85 > .kt-row-column-wrap) > .wp-block-kadence-column{justify-content:start;}#kt-layout-id_2000b5-85 > .kt-row-column-wrap{column-gap:var(--global-kb-gap-md, 2rem);row-gap:var(--global-kb-gap-md, 2rem);max-width:620px;margin-left:auto;margin-right:auto;padding-top:25px;padding-bottom:25px;padding-top:8rem;padding-bottom:8rem;grid-template-columns:minmax(0, 1fr);}#kt-layout-id_2000b5-85 > .kt-row-layout-overlay{opacity:0.30;}@media all and (max-width: 1024px){#kt-layout-id_2000b5-85 > .kt-row-column-wrap{grid-template-columns:minmax(0, 1fr);}}@media all and (max-width: 767px){#kt-layout-id_2000b5-85 > .kt-row-column-wrap{grid-template-columns:minmax(0, 1fr);}}<\/style>\n<div class=\"wp-block-kadence-rowlayout alignnone\"><div id=\"kt-layout-id_2000b5-85\" class=\"kt-row-layout-inner kt-layout-id_2000b5-85\"><div class=\"kt-row-column-wrap kt-has-1-columns kt-gutter-default kt-v-gutter-default kt-row-valign-top kt-row-layout-equal kt-tab-layout-inherit kt-m-colapse-left-to-right kt-mobile-layout-row\"><style>.kadence-column_08b0aa-a5 > .kt-inside-inner-col{border-top-width:0px;border-right-width:0px;border-bottom-width:0px;border-left-width:0px;}.kadence-column_08b0aa-a5 > .kt-inside-inner-col,.kadence-column_08b0aa-a5 > .kt-inside-inner-col:before{border-top-left-radius:0px;border-top-right-radius:0px;border-bottom-right-radius:0px;border-bottom-left-radius:0px;}.kadence-column_08b0aa-a5 > .kt-inside-inner-col:before{opacity:0.3;}.kadence-column_08b0aa-a5{position:relative;}<\/style>\n<div class=\"wp-block-kadence-column inner-column-1 kadence-column_08b0aa-a5\"><div class=\"kt-inside-inner-col\">\n<h1 class=\"wp-block-heading\">Impresszum<\/h1>\n\n\n<style>.wp-block-kadence-column.kadence-column_dfe1d1-e2 > .kt-inside-inner-col{margin-top:3rem;margin-bottom:6rem;}.kadence-column_dfe1d1-e2 > .kt-inside-inner-col{border-top-width:0px;border-right-width:0px;border-bottom-width:0px;border-left-width:0px;}.kadence-column_dfe1d1-e2 > .kt-inside-inner-col,.kadence-column_dfe1d1-e2 > .kt-inside-inner-col:before{border-top-left-radius:0px;border-top-right-radius:0px;border-bottom-right-radius:0px;border-bottom-left-radius:0px;}.kadence-column_dfe1d1-e2 > .kt-inside-inner-col:before{opacity:0.3;}.kadence-column_dfe1d1-e2{position:relative;}<\/style>\n<div class=\"wp-block-kadence-column inner-column-1 kadence-column_dfe1d1-e2\" id=\"intro\"><div class=\"kt-inside-inner-col\">\n<h3 class=\"wp-block-heading\"><strong>\u00c1ltal\u00e1nos el\u00e9rhet\u0151s\u00e9gek:<\/strong><\/h3>\n\n\n\n<p><strong>\u200d<\/strong>K\u00e9rd\u00e9se vagy javaslata van? \u00cdrjon nek\u00fcnk egy e-mailt a k\u00f6vetkez\u0151 c\u00edmre:\u00a0<a rel=\"noreferrer noopener\" href=\"mailto:love@lab10.coop\" target=\"_blank\">contact@rising.eco<\/a>.<br>Adatv\u00e9delmi tisztvisel\u0151nk a k\u00f6vetkez\u0151 email c\u00edmen \u00e9rhet\u0151 el:\u00a0<a rel=\"noreferrer noopener\" href=\"mailto:privacy@lab10.coop\" target=\"_blank\">privacy@rising.eco<\/a>.<br>Sajt\u00f3kapcsolat felv\u00e9tel:\u00a0<a rel=\"noreferrer noopener\" href=\"mailto:press@lab10.coop\" target=\"_blank\">press@rising.eco<\/a>.<\/p>\n\n\n\n<h3 class=\"wp-block-heading\">\u200d<strong>\u200dA rising.eco-t a k\u00f6vetkez\u0151k hozz\u00e1k el neked:<\/strong><\/h3>\n\n\n\n<p><strong><em>\u200dRising.Eco Kft.<\/em><\/strong><br>C\u00edm: 4025 Debrecen, Simonffy utca 4-6, 1.em 123<br>Hozz\u00e1adott\u00e9rt\u00e9k-ad\u00f3 azonos\u00edt\u00f3: HU27445631<br>Ad\u00f3sz\u00e1m: 27445631-2-09<br>C\u00e9gjegyz\u00e9k: 09-09-033248<br>E-mail:\u00a0<a rel=\"noreferrer noopener\" href=\"mailto:info@arukereso.hu\" target=\"_blank\">contact@rising.eco<br>\u200d<\/a>Telefon\u00a0<a rel=\"noreferrer noopener\" href=\"tel:+36702909070\" target=\"_blank\">+36 70 290 90 70<\/a>\u00a0(h\u00e9tf\u0151t\u0151l p\u00e9ntekig 9-18 \u00f3r\u00e1ig CET)<br>Web:\u00a0<a rel=\"noreferrer noopener\" href=\"https:\/\/rising.eco\/hu\/\" target=\"_blank\">www.rising.eco<\/a><\/p>\n\n\n\n<p><a rel=\"noreferrer noopener\" href=\"https:\/\/rising.eco\/hu\/\" target=\"_blank\">\u200d<\/a>\u00dcgyvezet\u0151:<strong>\u00a0<em>Tam\u00e1s Locher<\/em><\/strong><br>A szerkeszt\u0151i tartalom\u00e9rt felel\u0151s:\u00a0<strong><em>Gy\u00f6rgy Folk<\/em><\/strong><\/p>\n\n\n\n<h3 class=\"wp-block-heading\">\u200d<strong>\u200dBanki adatok<\/strong><\/h3>\n\n\n\n<p>Rising.Eco Kft.<br>IBAN: HU59-10102103-76892300-01005001<br>BIC: BUDAHUHB<br>Bank: MKB Bank Nyrt.<br>\u200d<br>Az utols\u00f3 friss\u00edt\u00e9s d\u00e1tuma: J\u00falius 06, 2022<\/p>\n\n\n<div class=\"wp-block-image\">\n<figure class=\"alignleft size-full is-resized\"><img decoding=\"async\" src=\"https:\/\/risingwp.pannonhosting.hu\/media\/2022\/12\/hiventures.webp\" alt=\"\" class=\"wp-image-1508\" width=\"400\" height=\"126\" srcset=\"https:\/\/rising.eco\/media\/2022\/12\/hiventures.webp 800w, https:\/\/rising.eco\/media\/2022\/12\/hiventures-300x95.webp 300w, https:\/\/rising.eco\/media\/2022\/12\/hiventures-768x242.webp 768w\" sizes=\"(max-width: 400px) 100vw, 400px\" \/><\/figure>\n<\/div><\/div><\/div>\n<\/div><\/div>\n<\/div><\/div><\/div>","protected":false},"excerpt":{"rendered":"<p>Impressum General contact information: \u200dDo you have questions or suggestions? Write us an email to\u00a0contact@rising.eco.Our data protection officer can be reached at the e-mail address\u00a0privacy@rising.eco.Press contact\u00a0press@rising.eco. \u200dRising.eco is brought to you by: \u200dRising.Eco Kft.C\u00edm: 4025 Debrecen, Simonffy utca 4-6, 1.em 123Value Added Tax-ID: HU27445631Tax Number: 27445631-2-09Commercial Register: 09-09-033248E-mail:\u00a0contact@rising.eco\u200dTelephone:\u00a0+36 70 290 90 70\u00a0(from Monday to Friday&#8230;<\/p>","protected":false},"author":2,"featured_media":0,"parent":0,"menu_order":0,"comment_status":"closed","ping_status":"closed","template":"","meta":{"_kad_blocks_custom_css":"","_kad_blocks_head_custom_js":"","_kad_blocks_body_custom_js":"","_kad_blocks_footer_custom_js":"","_kad_post_transparent":"","_kad_post_title":"","_kad_post_layout":"","_kad_post_sidebar_id":"","_kad_post_content_style":"","_kad_post_vertical_padding":"","_kad_post_feature":"","_kad_post_feature_position":"","_kad_post_header":false,"_kad_post_footer":false,"footnotes":""},"class_list":["post-23","page","type-page","status-publish","hentry"],"featured_image_src_large":false,"author_info":{"display_name":"Kopp\u00e1ny","author_link":"https:\/\/rising.eco\/hu\/author\/koppany\/"},"comment_info":0,"taxonomy_info":[],"_links":{"self":[{"href":"https:\/\/rising.eco\/hu\/wp-json\/wp\/v2\/pages\/23","targetHints":{"allow":["GET"]}}],"collection":[{"href":"https:\/\/rising.eco\/hu\/wp-json\/wp\/v2\/pages"}],"about":[{"href":"https:\/\/rising.eco\/hu\/wp-json\/wp\/v2\/types\/page"}],"author":[{"embeddable":true,"href":"https:\/\/rising.eco\/hu\/wp-json\/wp\/v2\/users\/2"}],"replies":[{"embeddable":true,"href":"https:\/\/rising.eco\/hu\/wp-json\/wp\/v2\/comments?post=23"}],"version-history":[{"count":7,"href":"https:\/\/rising.eco\/hu\/wp-json\/wp\/v2\/pages\/23\/revisions"}],"predecessor-version":[{"id":1512,"href":"https:\/\/rising.eco\/hu\/wp-json\/wp\/v2\/pages\/23\/revisions\/1512"}],"wp:attachment":[{"href":"https:\/\/rising.eco\/hu\/wp-json\/wp\/v2\/media?parent=23"}],"curies":[{"name":"wp","href":"https:\/\/api.w.org\/{rel}","templated":true}]}}