
{"id":919,"date":"2022-12-16T17:03:17","date_gmt":"2022-12-16T17:03:17","guid":{"rendered":"https:\/\/risingwp.pannonhosting.hu\/?page_id=919"},"modified":"2023-04-12T14:40:37","modified_gmt":"2023-04-12T14:40:37","slug":"signup","status":"publish","type":"page","link":"https:\/\/rising.eco\/hu\/signup\/","title":{"rendered":"Regisztr\u00e1ci\u00f3"},"content":{"rendered":"<style>.kadence-column_a0c4f3-3c > .kt-inside-inner-col{min-height:64px;border-top-width:0px;border-right-width:0px;border-bottom-width:0px;border-left-width:0px;}.kadence-column_a0c4f3-3c > .kt-inside-inner-col,.kadence-column_a0c4f3-3c > .kt-inside-inner-col:before{border-top-left-radius:0px;border-top-right-radius:0px;border-bottom-right-radius:0px;border-bottom-left-radius:0px;}.kadence-column_a0c4f3-3c > .kt-inside-inner-col{display:flex;flex-direction:row;flex-wrap:wrap;align-items:center;justify-content:center;gap:10px;}.kadence-column_a0c4f3-3c > .kt-inside-inner-col > *, .kadence-column_a0c4f3-3c > .kt-inside-inner-col > figure.wp-block-image, .kadence-column_a0c4f3-3c > .kt-inside-inner-col > figure.wp-block-kadence-image{margin-top:0px;margin-bottom:0px;}.kadence-column_a0c4f3-3c > .kt-inside-inner-col:before{opacity:0.3;}.kadence-column_a0c4f3-3c{position:relative;}@media all and (max-width: 1024px){.kadence-column_a0c4f3-3c > .kt-inside-inner-col{gap:10px;}}@media all and (min-width: 768px) and (max-width: 1024px){.kadence-column_a0c4f3-3c > .kt-inside-inner-col > *, .kadence-column_a0c4f3-3c > .kt-inside-inner-col > figure.wp-block-image, .kadence-column_a0c4f3-3c > .kt-inside-inner-col > figure.wp-block-kadence-image{margin-top:0px;margin-bottom:0px;}}@media all and (max-width: 767px){.kadence-column_a0c4f3-3c > .kt-inside-inner-col{gap:10px;}.kadence-column_a0c4f3-3c > .kt-inside-inner-col > *, .kadence-column_a0c4f3-3c > .kt-inside-inner-col > figure.wp-block-image, .kadence-column_a0c4f3-3c > .kt-inside-inner-col > figure.wp-block-kadence-image{margin-top:0px;margin-bottom:0px;}}<\/style>\n<div class=\"wp-block-kadence-column inner-column-1 kadence-column_a0c4f3-3c kb-section-dir-horizontal\"><div class=\"kt-inside-inner-col\"><div class=\"is-style-default wp-block-site-logo\"><a href=\"https:\/\/rising.eco\/hu\/\" class=\"custom-logo-link\" rel=\"home\"><img decoding=\"async\" src=\"https:\/\/rising.eco\/media\/2022\/12\/logo-rising.eco_.svg\" class=\"custom-logo\" alt=\"rising.eco\" \/><\/a><\/div><\/div><\/div>\n\n\n<style>#kt-layout-id_d5408c-93{margin-top:2rem;margin-bottom:8rem;}#kt-layout-id_d5408c-93 > .kt-row-column-wrap{align-content:start;}:where(#kt-layout-id_d5408c-93 > .kt-row-column-wrap) > .wp-block-kadence-column{justify-content:start;}#kt-layout-id_d5408c-93 > .kt-row-column-wrap{column-gap:80px;row-gap:var(--global-kb-gap-md, 2rem);max-width:var( --global-content-width, 1120px );padding-left:var(--global-content-edge-padding);padding-right:var(--global-content-edge-padding);padding-top:25px;padding-bottom:25px;padding-top:4rem;padding-bottom:4rem;padding-left:4rem;padding-right:4rem;grid-template-columns:minmax(0, 50%) minmax(0, 50%);}#kt-layout-id_d5408c-93{border-top-left-radius:16px;border-top-right-radius:16px;border-bottom-right-radius:16px;border-bottom-left-radius:16px;overflow:hidden;isolation:isolate;border-color:var(--global-palette9, #ffffff);border-top-width:2px;border-right-width:2px;border-bottom-width:2px;border-left-width:2px;}#kt-layout-id_d5408c-93 > .kt-row-layout-overlay{opacity:1;background-image:url('https:\/\/risingwp.pannonhosting.hu\/media\/2023\/01\/bglogo.webp');background-size:auto;background-position:50% 75%;background-attachment:scroll;background-repeat:no-repeat;}@media all and (max-width: 1024px){#kt-layout-id_d5408c-93{margin-top:4rem;}}@media all and (max-width: 1024px){#kt-layout-id_d5408c-93 > .kt-row-column-wrap{grid-template-columns:repeat(2, minmax(0, 1fr));}}@media all and (max-width: 767px){#kt-layout-id_d5408c-93{margin-top:5rem;margin-bottom:10rem;}#kt-layout-id_d5408c-93 > .kt-row-column-wrap{padding-top:2rem;padding-bottom:2rem;padding-left:2rem;padding-right:2rem;grid-template-columns:minmax(0, 1fr);}}#kt-layout-id_d5408c-93 {box-shadow: 0px 16px 58px 1px rgba(186, 210, 222, 1);}<\/style>\n<div class=\"wp-block-kadence-rowlayout alignnone\"><div id=\"kt-layout-id_d5408c-93\" class=\"kt-row-layout-inner kt-row-has-bg kt-layout-id_d5408c-93 has-theme-palette-9-background-color\"><div class=\"kt-row-layout-overlay kt-row-overlay-normal\"><\/div><div class=\"kt-row-column-wrap kt-has-2-columns kt-gutter-widest kt-v-gutter-default kt-row-valign-top kt-row-layout-equal kt-tab-layout-inherit kt-m-colapse-left-to-right kt-mobile-layout-row  kt-custom-first-width-50  kt-custom-second-width-50 kb-theme-content-width\"><style>.wp-block-kadence-column.kadence-column_39346e-d3 > .kt-inside-inner-col{margin-top:0px;margin-bottom:0px;margin-right:0px;margin-left:0px;}.kadence-column_39346e-d3 > .kt-inside-inner-col{padding-top:0%;padding-bottom:0%;padding-left:0%;padding-right:30%;}.kadence-column_39346e-d3 > .kt-inside-inner-col{border-top-width:0px;border-right-width:0px;border-bottom-width:0px;border-left-width:0px;}.kadence-column_39346e-d3 > .kt-inside-inner-col,.kadence-column_39346e-d3 > .kt-inside-inner-col:before{border-top-left-radius:0px;border-top-right-radius:0px;border-bottom-right-radius:0px;border-bottom-left-radius:0px;}.kadence-column_39346e-d3 > .kt-inside-inner-col:before{opacity:0.3;}.kadence-column_39346e-d3{text-align:left;}.kadence-column_39346e-d3{position:relative;}@media all and (max-width: 1024px){.kadence-column_39346e-d3 > .kt-inside-inner-col{padding-right:0%;}}<\/style>\n<div class=\"wp-block-kadence-column inner-column-1 kadence-column_39346e-d3\"><div class=\"kt-inside-inner-col\">\n<h1 class=\"wp-block-heading\">Ismerj\u00fck meg egym\u00e1st.<\/h1>\n\n\n\n<p>A teljes folyamaton v\u00e9gigvezet\u00fcnk. Mai nap els\u0151 l\u00e9p\u00e9se, hogy bel\u00e9pj az \u00e9rdekl\u0151d\u0151k k\u00f6r\u00e9be - <strong>kik\u00f6t\u00e9sek, felt\u00e9telek \u00e9s k\u00f6telezetts\u00e9gek n\u00e9lk\u00fcl.<\/strong><\/p>\n<\/div><\/div>\n\n\n<style>.kadence-column_bd9669-ae > .kt-inside-inner-col{border-top-width:0px;border-right-width:0px;border-bottom-width:0px;border-left-width:0px;}.kadence-column_bd9669-ae > .kt-inside-inner-col,.kadence-column_bd9669-ae > .kt-inside-inner-col:before{border-top-left-radius:0px;border-top-right-radius:0px;border-bottom-right-radius:0px;border-bottom-left-radius:0px;}.kadence-column_bd9669-ae > .kt-inside-inner-col:before{opacity:0.3;}.kadence-column_bd9669-ae{position:relative;}<\/style>\n<div class=\"wp-block-kadence-column inner-column-2 kadence-column_bd9669-ae\"><div class=\"kt-inside-inner-col\"><style>#kt-layout-id_f4c1e4-6b{margin-top:0px;margin-bottom:0px;}#kt-layout-id_f4c1e4-6b > .kt-row-column-wrap{align-content:start;}:where(#kt-layout-id_f4c1e4-6b > .kt-row-column-wrap) > .wp-block-kadence-column{justify-content:start;}#kt-layout-id_f4c1e4-6b > .kt-row-column-wrap{column-gap:var(--global-kb-gap-md, 2rem);row-gap:var(--global-kb-gap-md, 2rem);padding-top:25px;padding-bottom:25px;padding-top:0px;padding-bottom:0px;padding-left:0px;padding-right:0px;grid-template-columns:minmax(0, 1fr);}#kt-layout-id_f4c1e4-6b > .kt-row-layout-overlay{opacity:0.30;}@media all and (max-width: 1024px){#kt-layout-id_f4c1e4-6b > .kt-row-column-wrap{grid-template-columns:minmax(0, 1fr);}}@media all and (max-width: 767px){#kt-layout-id_f4c1e4-6b > .kt-row-column-wrap{grid-template-columns:minmax(0, 1fr);}}<\/style>\n<div class=\"wp-block-kadence-rowlayout alignnone\"><div id=\"kt-layout-id_f4c1e4-6b\" class=\"kt-row-layout-inner kt-layout-id_f4c1e4-6b\"><div class=\"kt-row-column-wrap kt-has-1-columns kt-gutter-default kt-v-gutter-default kt-row-valign-top kt-row-layout-equal kt-tab-layout-inherit kt-m-colapse-left-to-right kt-mobile-layout-row\"><style>.wp-block-kadence-column.kadence-column_323042-60 > .kt-inside-inner-col{margin-top:0px;margin-bottom:0px;margin-right:0px;margin-left:0px;}.kadence-column_323042-60 > .kt-inside-inner-col{padding-top:0px;padding-bottom:0px;padding-left:0px;padding-right:0px;}.kadence-column_323042-60 > .kt-inside-inner-col{border-top-width:0px;border-right-width:0px;border-bottom-width:0px;border-left-width:0px;}.kadence-column_323042-60 > .kt-inside-inner-col,.kadence-column_323042-60 > .kt-inside-inner-col:before{border-top-left-radius:0px;border-top-right-radius:0px;border-bottom-right-radius:0px;border-bottom-left-radius:0px;}.kadence-column_323042-60 > .kt-inside-inner-col:before{opacity:0.3;}.kadence-column_323042-60{position:relative;}<\/style>\n<div class=\"wp-block-kadence-column inner-column-1 kadence-column_323042-60\"><div class=\"kt-inside-inner-col\"><script type=\"text\/javascript\">var gform;gform||(document.addEventListener(\"gform_main_scripts_loaded\",function(){gform.scriptsLoaded=!0}),window.addEventListener(\"DOMContentLoaded\",function(){gform.domLoaded=!0}),gform={domLoaded:!1,scriptsLoaded:!1,initializeOnLoaded:function(o){gform.domLoaded&&gform.scriptsLoaded?o():!gform.domLoaded&&gform.scriptsLoaded?window.addEventListener(\"DOMContentLoaded\",o):document.addEventListener(\"gform_main_scripts_loaded\",o)},hooks:{action:{},filter:{}},addAction:function(o,n,r,t){gform.addHook(\"action\",o,n,r,t)},addFilter:function(o,n,r,t){gform.addHook(\"filter\",o,n,r,t)},doAction:function(o){gform.doHook(\"action\",o,arguments)},applyFilters:function(o){return gform.doHook(\"filter\",o,arguments)},removeAction:function(o,n){gform.removeHook(\"action\",o,n)},removeFilter:function(o,n,r){gform.removeHook(\"filter\",o,n,r)},addHook:function(o,n,r,t,i){null==gform.hooks[o][n]&&(gform.hooks[o][n]=[]);var e=gform.hooks[o][n];null==i&&(i=n+\"_\"+e.length),gform.hooks[o][n].push({tag:i,callable:r,priority:t=null==t?10:t})},doHook:function(n,o,r){var t;if(r=Array.prototype.slice.call(r,1),null!=gform.hooks[n][o]&&((o=gform.hooks[n][o]).sort(function(o,n){return o.priority-n.priority}),o.forEach(function(o){\"function\"!=typeof(t=o.callable)&&(t=window[t]),\"action\"==n?t.apply(null,r):r[0]=t.apply(null,r)})),\"filter\"==n)return r[0]},removeHook:function(o,n,t,i){var r;null!=gform.hooks[o][n]&&(r=(r=gform.hooks[o][n]).filter(function(o,n,r){return!!(null!=i&&i!=o.tag||null!=t&&t!=o.priority)}),gform.hooks[o][n]=r)}});<\/script>\n                <div class='gf_browser_gecko gform_wrapper gravity-theme gform-theme--no-framework' data-form-theme='gravity-theme' data-form-index='0' id='gform_wrapper_3' >\n                        <div class='gform_heading'>\n\t\t\t\t\t\t\t<p class='gform_required_legend'>&quot;<span class=\"gfield_required gfield_required_asterisk\">*<\/span>&quot; a k\u00f6telez\u0151 mez\u0151ket jel\u00f6li<\/p>\n                        <\/div><form method='post' enctype='multipart\/form-data'  id='gform_3'  action='\/hu\/wp-json\/wp\/v2\/pages\/919' data-formid='3' novalidate data-trp-original-action=\"\/hu\/wp-json\/wp\/v2\/pages\/919\"><div class='gf_invisible ginput_recaptchav3' data-sitekey='6LdESRwmAAAAABIz0SGX0OWPk8oSdVWZrv27GT7h' data-tabindex='0'><input id=\"input_caf731380c5ac593521ecdbabc01632a\" class=\"gfield_recaptcha_response\" type=\"hidden\" name=\"input_caf731380c5ac593521ecdbabc01632a\" value=\"\"\/><\/div>\n                        <div class='gform-body gform_body'><div id='gform_fields_3' class='gform_fields top_label form_sublabel_below description_below'><div id=\"field_3_1\"  class=\"gfield gfield--type-email gfield_contains_required field_sublabel_below gfield--no-description field_description_below gfield_visibility_visible\"  data-js-reload=\"field_3_1\"><label class='gfield_label gform-field-label' for='input_3_1' >Email<span class=\"gfield_required\"><span class=\"gfield_required gfield_required_asterisk\">*<\/span><\/span><\/label><div class='ginput_container ginput_container_email'>\n                            <input name='input_1' id='input_3_1' type='email' value='' class='large'    aria-required=\"true\" aria-invalid=\"false\"  \/>\n                        <\/div><\/div><div id=\"field_3_8\"  class=\"gfield gfield--type-password gfield--width-full gfield_contains_required field_sublabel_below gfield--no-description field_description_below gfield_visibility_visible\"  data-js-reload=\"field_3_8\"><label class='gfield_label gform-field-label gfield_label_before_complex' for='input_3_8' >Jelsz\u00f3<span class=\"gfield_required\"><span class=\"gfield_required gfield_required_asterisk\">*<\/span><\/span><\/label><div class='ginput_container ginput_container_password'>\n\t\t\t\t\t\t<span id='input_3_8_1_container' class='ginput_password large'>\n\t\t\t\t\t\t\t<span class='password_input_container'>\n\t\t\t\t\t\t\t<input type='password' name='input_8' id='input_3_8'   value=''   aria-required=\"true\" aria-invalid=\"false\" \/>\n\t\t\t\t\t\t\t\n\t\t\t\t\t\t\t<\/span>\n\t\t\t\t\t\t<\/span>\n\t\t\t\t\t\t<div class='gf_clear gf_clear_complex'><\/div>\n\t\t\t\t\t<\/div><\/div><fieldset id=\"field_3_7\"  class=\"gfield gfield--type-checkbox gfield--type-choice gfield--width-full gfield_contains_required field_sublabel_below gfield--no-description field_description_below gfield_visibility_visible\"  data-js-reload=\"field_3_7\"><legend class='gfield_label gform-field-label gfield_label_before_complex'  >Adatkezel\u00e9s<span class=\"gfield_required\"><span class=\"gfield_required gfield_required_asterisk\">*<\/span><\/span><\/legend><div class='ginput_container ginput_container_checkbox'><div class='gfield_checkbox' id='input_3_7'><div class='gchoice gchoice_3_7_1'>\n\t\t\t\t\t\t\t\t<input class='gfield-choice-input' name='input_7.1' type='checkbox'  value='I agree with the &lt;a href=&quot;\/\/risingwp.pannonhosting.hu\/privacy-policy\u201d&quot; target=&quot;\u201d_blank\u201d&quot;&gt;Privacy Policy&lt;\/a&gt;'  id='choice_3_7_1'   \/>\n\t\t\t\t\t\t\t\t<label for='choice_3_7_1' id='label_3_7_1' class='gform-field-label gform-field-label--type-inline'>Elfogadom az <a href=\"\/hu\/\u201dhttps:\/\/risingwp.pannonhosting.hu\/privacy-policy\u201d\/\" target=\"\u201d_blank\u201d\">Adatkezel\u00e9st<\/a><\/label>\n\t\t\t\t\t\t\t<\/div><\/div><\/div><\/fieldset><div id=\"field_3_9\"  class=\"gfield gfield--type-captcha gfield--width-full field_sublabel_below gfield--no-description field_description_below hidden_label gfield_visibility_visible\"  data-js-reload=\"field_3_9\"><label class='gfield_label gform-field-label' for='input_3_9' >CAPTCHA<\/label><div id='input_3_9' class='ginput_container ginput_recaptcha' data-sitekey='6LeTzuwjAAAAAG90maLtRD16jZBfsmpcO8g0WEfH'  data-theme='light' data-tabindex='0'  data-badge=''><\/div><\/div><\/div><\/div>\n        <div class='gform_footer top_label'> <input type='submit' id='gform_submit_button_3' class='gform_button button' value='Regisztr\u00e1ci\u00f3'  onclick='if(window[\"gf_submitting_3\"]){return false;}  if( !jQuery(\"#gform_3\")[0].checkValidity || jQuery(\"#gform_3\")[0].checkValidity()){window[\"gf_submitting_3\"]=true;}  ' onkeypress='if( event.keyCode == 13 ){ if(window[\"gf_submitting_3\"]){return false;} if( !jQuery(\"#gform_3\")[0].checkValidity || jQuery(\"#gform_3\")[0].checkValidity()){window[\"gf_submitting_3\"]=true;}  jQuery(\"#gform_3\").trigger(\"submit\",[true]); }' \/> \n            <input type='hidden' class='gform_hidden' name='is_submit_3' value='1' \/>\n            <input type='hidden' class='gform_hidden' name='gform_submit' value='3' \/>\n            \n            <input type='hidden' class='gform_hidden' name='gform_unique_id' value='' \/>\n            <input type='hidden' class='gform_hidden' name='state_3' value='WyJbXSIsIjY3YzM0OTA0ODhiMDRhMjBjYzdiYzE0MDMwNmYzNTQ1Il0=' \/>\n            <input type='hidden' class='gform_hidden' name='gform_target_page_number_3' id='gform_target_page_number_3' value='0' \/>\n            <input type='hidden' class='gform_hidden' name='gform_source_page_number_3' id='gform_source_page_number_3' value='1' \/>\n            <input type='hidden' name='gform_field_values' value='' \/>\n            \n        <\/div>\n                        <input type=\"hidden\" name=\"trp-form-language\" value=\"hu\"\/><\/form>\n                        <\/div><script>\ngform.initializeOnLoaded( function() {gformInitSpinner( 3, 'https:\/\/rising.eco\/wp-content\/plugins\/gravityforms\/images\/spinner.svg', true );jQuery('#gform_ajax_frame_3').on('load',function(){var contents = jQuery(this).contents().find('*').html();var is_postback = contents.indexOf('GF_AJAX_POSTBACK') >= 0;if(!is_postback){return;}var form_content = jQuery(this).contents().find('#gform_wrapper_3');var is_confirmation = jQuery(this).contents().find('#gform_confirmation_wrapper_3').length > 0;var is_redirect = contents.indexOf('gformRedirect(){') >= 0;var is_form = form_content.length > 0 && ! is_redirect && ! is_confirmation;var mt = parseInt(jQuery('html').css('margin-top'), 10) + parseInt(jQuery('body').css('margin-top'), 10) + 100;if(is_form){jQuery('#gform_wrapper_3').html(form_content.html());if(form_content.hasClass('gform_validation_error')){jQuery('#gform_wrapper_3').addClass('gform_validation_error');} else {jQuery('#gform_wrapper_3').removeClass('gform_validation_error');}setTimeout( function() { \/* delay the scroll by 50 milliseconds to fix a bug in chrome *\/  }, 50 );if(window['gformInitDatepicker']) {gformInitDatepicker();}if(window['gformInitPriceFields']) {gformInitPriceFields();}var current_page = jQuery('#gform_source_page_number_3').val();gformInitSpinner( 3, 'https:\/\/rising.eco\/wp-content\/plugins\/gravityforms\/images\/spinner.svg', true );jQuery(document).trigger('gform_page_loaded', [3, current_page]);window['gf_submitting_3'] = false;}else if(!is_redirect){var confirmation_content = jQuery(this).contents().find('.GF_AJAX_POSTBACK').html();if(!confirmation_content){confirmation_content = contents;}setTimeout(function(){jQuery('#gform_wrapper_3').replaceWith(confirmation_content);jQuery(document).trigger('gform_confirmation_loaded', [3]);window['gf_submitting_3'] = false;wp.a11y.speak(jQuery('#gform_confirmation_message_3').text());}, 50);}else{jQuery('#gform_3').append(contents);if(window['gformRedirect']) {gformRedirect();}}jQuery(document).trigger('gform_post_render', [3, current_page]);} );} );\n<\/script>\n\n\n<style>.wp-block-kadence-spacer.kt-block-spacer-_c512df-ca .kt-block-spacer{height:16px;}.wp-block-kadence-spacer.kt-block-spacer-_c512df-ca .kt-divider{border-top-width:1px;height:1px;border-top-color:var(--global-palette7, #EDF2F7);width:100%;border-top-style:solid;}<\/style>\n<div class=\"wp-block-kadence-spacer aligncenter kt-block-spacer-_c512df-ca\"><div class=\"kt-block-spacer kt-block-spacer-halign-center\"><hr class=\"kt-divider\"\/><\/div><\/div>\n\n\n<div class=\"nsl-container nsl-container-block\" data-align=\"left\"><div class=\"nsl-container-buttons\"><a href=\"https:\/\/rising.eco\/wp-login.php?loginSocial=facebook&#038;redirect=https%3A%2F%2Frising.eco%2Fhu%2Fwp-json%2Fwp%2Fv2%2Fpages%2F919\" rel=\"nofollow\" aria-label=\"Continue with &lt;b&gt;Facebook&lt;\/b&gt;\" data-plugin=\"nsl\" data-action=\"connect\" data-provider=\"facebook\" data-popupwidth=\"600\" data-popupheight=\"679\"><div class=\"nsl-button nsl-button-default nsl-button-facebook\" data-skin=\"dark\" style=\"background-color:#1877F2;\"><div class=\"nsl-button-svg-container\"><svg xmlns=\"http:\/\/www.w3.org\/2000\/svg\" viewbox=\"0 0 1365.3 1365.3\" height=\"24\" width=\"24\"><path d=\"M1365.3 682.7A682.7 682.7 0 10576 1357V880H402.7V682.7H576V532.3c0-171.1 102-265.6 257.9-265.6 74.6 0 152.8 13.3 152.8 13.3v168h-86.1c-84.8 0-111.3 52.6-111.3 106.6v128h189.4L948.4 880h-159v477a682.8 682.8 0 00576-674.3\" fill=\"#fff\"\/><\/svg><\/div><div class=\"nsl-button-label-container\">Folytat\u00e1s a <b>Facebook<\/b>-kal<\/div><\/div><\/a><a href=\"https:\/\/rising.eco\/wp-login.php?loginSocial=google&#038;redirect=https%3A%2F%2Frising.eco%2Fhu%2Fwp-json%2Fwp%2Fv2%2Fpages%2F919\" rel=\"nofollow\" aria-label=\"Continue with &lt;b&gt;Google&lt;\/b&gt;\" data-plugin=\"nsl\" data-action=\"connect\" data-provider=\"google\" data-popupwidth=\"600\" data-popupheight=\"600\"><div class=\"nsl-button nsl-button-default nsl-button-google\" data-skin=\"light\" style=\"background-color:#fff;\"><div class=\"nsl-button-svg-container\"><svg xmlns=\"http:\/\/www.w3.org\/2000\/svg\" width=\"24\" height=\"24\" viewbox=\"0 0 24 24\"><path fill=\"#4285F4\" d=\"M20.64 12.2045c0-.6381-.0573-1.2518-.1636-1.8409H12v3.4814h4.8436c-.2086 1.125-.8427 2.0782-1.7959 2.7164v2.2581h2.9087c1.7018-1.5668 2.6836-3.874 2.6836-6.615z\"><\/path><path fill=\"#34A853\" d=\"M12 21c2.43 0 4.4673-.806 5.9564-2.1805l-2.9087-2.2581c-.8059.54-1.8368.859-3.0477.859-2.344 0-4.3282-1.5831-5.036-3.7104H3.9574v2.3318C5.4382 18.9832 8.4818 21 12 21z\"><\/path><path fill=\"#FBBC05\" d=\"M6.964 13.71c-.18-.54-.2822-1.1168-.2822-1.71s.1023-1.17.2823-1.71V7.9582H3.9573A8.9965 8.9965 0 0 0 3 12c0 1.4523.3477 2.8268.9573 4.0418L6.964 13.71z\"><\/path><path fill=\"#EA4335\" d=\"M12 6.5795c1.3214 0 2.5077.4541 3.4405 1.346l2.5813-2.5814C16.4632 3.8918 14.426 3 12 3 8.4818 3 5.4382 5.0168 3.9573 7.9582L6.964 10.29C7.6718 8.1627 9.6559 6.5795 12 6.5795z\"><\/path><\/svg><\/div><div class=\"nsl-button-label-container\">Folytat\u00e1s a <b>Google<\/b>-lel<\/div><\/div><\/a><\/div><\/div>\n\n\n\n<p style=\"padding-top:16px;font-size:15px\">Van m\u00e1r fi\u00f3kod? <a href=\"https:\/\/rising.eco\/hu\/bejelentkezes\/\" data-type=\"page\" data-id=\"1717\">Itt tudsz bel\u00e9pni.<\/a><\/p>\n<\/div><\/div>\n<\/div><\/div><\/div>\n\n\n<style>.kadence-column_f33c77-96 > .kt-inside-inner-col{border-top-width:0px;border-right-width:0px;border-bottom-width:0px;border-left-width:0px;}.kadence-column_f33c77-96 > .kt-inside-inner-col,.kadence-column_f33c77-96 > .kt-inside-inner-col:before{border-top-left-radius:0px;border-top-right-radius:0px;border-bottom-right-radius:0px;border-bottom-left-radius:0px;}.kadence-column_f33c77-96 > .kt-inside-inner-col:before{opacity:0.3;}.kadence-column_f33c77-96{position:relative;}<\/style>\n<div class=\"wp-block-kadence-column inner-column-1 kadence-column_f33c77-96\"><div class=\"kt-inside-inner-col\"><\/div><\/div>\n<\/div><\/div>\n<\/div><\/div><\/div>","protected":false},"excerpt":{"rendered":"<p>Let&#8217;s get to know each other. We will guide you through the entire process. The first step is to join the circle of interested people. No strings attached. Already have an account? Sign In here Hooray! You are logged in.<\/p>","protected":false},"author":2,"featured_media":0,"parent":0,"menu_order":0,"comment_status":"closed","ping_status":"closed","template":"","meta":{"_kad_blocks_custom_css":"","_kad_blocks_head_custom_js":"","_kad_blocks_body_custom_js":"","_kad_blocks_footer_custom_js":"","_kad_post_transparent":"enable","_kad_post_title":"","_kad_post_layout":"","_kad_post_sidebar_id":"","_kad_post_content_style":"","_kad_post_vertical_padding":"","_kad_post_feature":"","_kad_post_feature_position":"","_kad_post_header":true,"_kad_post_footer":true,"footnotes":""},"class_list":["post-919","page","type-page","status-publish","hentry"],"featured_image_src_large":false,"author_info":{"display_name":"Kopp\u00e1ny","author_link":"https:\/\/rising.eco\/hu\/author\/koppany\/"},"comment_info":0,"taxonomy_info":[],"_links":{"self":[{"href":"https:\/\/rising.eco\/hu\/wp-json\/wp\/v2\/pages\/919","targetHints":{"allow":["GET"]}}],"collection":[{"href":"https:\/\/rising.eco\/hu\/wp-json\/wp\/v2\/pages"}],"about":[{"href":"https:\/\/rising.eco\/hu\/wp-json\/wp\/v2\/types\/page"}],"author":[{"embeddable":true,"href":"https:\/\/rising.eco\/hu\/wp-json\/wp\/v2\/users\/2"}],"replies":[{"embeddable":true,"href":"https:\/\/rising.eco\/hu\/wp-json\/wp\/v2\/comments?post=919"}],"version-history":[{"count":91,"href":"https:\/\/rising.eco\/hu\/wp-json\/wp\/v2\/pages\/919\/revisions"}],"predecessor-version":[{"id":4832,"href":"https:\/\/rising.eco\/hu\/wp-json\/wp\/v2\/pages\/919\/revisions\/4832"}],"wp:attachment":[{"href":"https:\/\/rising.eco\/hu\/wp-json\/wp\/v2\/media?parent=919"}],"curies":[{"name":"wp","href":"https:\/\/api.w.org\/{rel}","templated":true}]}}